{"id":2,"date":"2022-09-13T11:40:14","date_gmt":"2022-09-13T09:40:14","guid":{"rendered":"http:\/\/vineodesign.com\/?page_id=2"},"modified":"2022-10-24T16:40:04","modified_gmt":"2022-10-24T14:40:04","slug":"about-me","status":"publish","type":"page","link":"https:\/\/vineodesign.com\/","title":{"rendered":"A propos de moi"},"content":{"rendered":"\n<p>Bonjour et bienvenu sur mon site,<br>Je m&rsquo;appelle Naomie, je suis \u00e9tudiante en graphisme.<br>J&rsquo;aime beaucoup cr\u00e9er des contenus anim\u00e9s ou non, et je suis ravi de les partager avec vous.<br>Si vous souhaitez me contacter : <a href=\"mailto:vineodesign@gmail.com\" target=\"_blank\" rel=\"noreferrer noopener\">vineodesign@gmail.com<\/a>.<\/p>\n","protected":false},"excerpt":{"rendered":"<p>Bonjour et bienvenu sur mon site,Je m&rsquo;appelle Naomie, je suis \u00e9tudiante en graphisme.J&rsquo;aime beaucoup cr\u00e9er des contenus anim\u00e9s ou non, et je suis ravi de les partager avec vous.Si vous souhaitez me contacter : vineodesign@gmail.com.<\/p>\n","protected":false},"author":1,"featured_media":0,"parent":0,"menu_order":3,"comment_status":"closed","ping_status":"closed","template":"","meta":{"footnotes":""},"class_list":["post-2","page","type-page","status-publish","hentry"],"_links":{"self":[{"href":"https:\/\/vineodesign.com\/index.php\/wp-json\/wp\/v2\/pages\/2","targetHints":{"allow":["GET"]}}],"collection":[{"href":"https:\/\/vineodesign.com\/index.php\/wp-json\/wp\/v2\/pages"}],"about":[{"href":"https:\/\/vineodesign.com\/index.php\/wp-json\/wp\/v2\/types\/page"}],"author":[{"embeddable":true,"href":"https:\/\/vineodesign.com\/index.php\/wp-json\/wp\/v2\/users\/1"}],"replies":[{"embeddable":true,"href":"https:\/\/vineodesign.com\/index.php\/wp-json\/wp\/v2\/comments?post=2"}],"version-history":[{"count":3,"href":"https:\/\/vineodesign.com\/index.php\/wp-json\/wp\/v2\/pages\/2\/revisions"}],"predecessor-version":[{"id":67,"href":"https:\/\/vineodesign.com\/index.php\/wp-json\/wp\/v2\/pages\/2\/revisions\/67"}],"wp:attachment":[{"href":"https:\/\/vineodesign.com\/index.php\/wp-json\/wp\/v2\/media?parent=2"}],"curies":[{"name":"wp","href":"https:\/\/api.w.org\/{rel}","templated":true}]}}